{"id":444,"date":"2024-01-04T22:33:24","date_gmt":"2024-01-04T21:33:24","guid":{"rendered":"https:\/\/development.kanagaconsulting.com\/?page_id=444"},"modified":"2024-01-05T19:17:42","modified_gmt":"2024-01-05T18:17:42","slug":"projets-systemes-financiers-et-inclusion-financiere","status":"publish","type":"page","link":"https:\/\/development.kanagaconsulting.com\/en\/projets-systemes-financiers-et-inclusion-financiere\/","title":{"rendered":"Projects \u2013 Financial systems and financial inclusion"},"content":{"rendered":"<section class=\"wpb-content-wrapper\"><section class=\"vc_row wpb_row vc_row-fluid bg-light pt64 pb64 not-equal not-color small-container vc_custom_1704409159757 vc_row-has-fill\"><div class=\"container\"><div class=\"row\"><div class=\"wpb_column vc_column_container vc_col-sm-12\"><div class=\"vc_column-inner\"><div class=\"wpb_wrapper\">\n\t<div class=\"wpb_text_column wpb_content_element\" >\n\t\t<div class=\"wpb_wrapper\">\n\t\t\t<p><span style=\"font-weight: 400;\">Africa is at a turning point. Countries are no longer just aiming for growth, but one that is endogenous. To this end, they recognize the crucial importance of financial systems and access to business financing. Above all, they aspire to translate growth rates into significant poverty reduction and shared prosperity that benefits low-income people and other vulnerable groups.\u00a0<\/span><\/p>\n<p><span style=\"font-weight: 400;\">The challenge of inclusion is not new, but since the Arab Spring and the climate crisis, the paradigm of sustainable, inclusive and green growth has established itself as the priority for political decision-makers as well as for players in the financial system.<\/span><\/p>\n<p><span style=\"font-weight: 400;\">Financial inclusion is one of the main pillars of inclusive growth. It is a multidimensional concept that encompasses all initiatives, both on the supply and demand side, within the financial sector. For sustainable and inclusive development to prosper, appropriate financial services and instruments must be put in place for the benefit of businesses of all sizes, as well as households regardless of their income levels (and particularly, vulnerable groups traditionally excluded from the formal financial sector).<\/span><\/p>\n<p><span style=\"font-weight: 400;\">The Kanaga Consulting team has built strong expertise in financial services, electronic money, financial inclusion and services for the unbanked, through numerous experiences in African countries, as well as a solid experience in financial technology and services in developed countries such as the United States, Canada and France.<\/span><\/p>\n\n\t\t<\/div>\n\t<\/div>\n<\/div><\/div><\/div><\/div><\/div><\/section>\n<\/section>","protected":false},"excerpt":{"rendered":"L\u2019Afrique est \u00e0 un tournant. Les pays ne visent plus seulement la croissance, mais une qui soit endog\u00e8ne. Ils reconnaissent pour cela l'importance cruciale des syst\u00e8mes financiers et de l'acc\u00e8s au financement des entreprises. Surtout, ils aspirent \u00e0 traduire les taux de croissance en une r\u00e9duction significative de la pauvret\u00e9 et une prosp\u00e9rit\u00e9 partag\u00e9e qui...","protected":false},"author":1,"featured_media":512,"parent":0,"menu_order":0,"comment_status":"closed","ping_status":"closed","template":"","meta":{"footnotes":""},"class_list":["post-444","page","type-page","status-publish","has-post-thumbnail","hentry"],"_links":{"self":[{"href":"https:\/\/development.kanagaconsulting.com\/en\/wp-json\/wp\/v2\/pages\/444","targetHints":{"allow":["GET"]}}],"collection":[{"href":"https:\/\/development.kanagaconsulting.com\/en\/wp-json\/wp\/v2\/pages"}],"about":[{"href":"https:\/\/development.kanagaconsulting.com\/en\/wp-json\/wp\/v2\/types\/page"}],"author":[{"embeddable":true,"href":"https:\/\/development.kanagaconsulting.com\/en\/wp-json\/wp\/v2\/users\/1"}],"replies":[{"embeddable":true,"href":"https:\/\/development.kanagaconsulting.com\/en\/wp-json\/wp\/v2\/comments?post=444"}],"version-history":[{"count":2,"href":"https:\/\/development.kanagaconsulting.com\/en\/wp-json\/wp\/v2\/pages\/444\/revisions"}],"predecessor-version":[{"id":513,"href":"https:\/\/development.kanagaconsulting.com\/en\/wp-json\/wp\/v2\/pages\/444\/revisions\/513"}],"wp:featuredmedia":[{"embeddable":true,"href":"https:\/\/development.kanagaconsulting.com\/en\/wp-json\/wp\/v2\/media\/512"}],"wp:attachment":[{"href":"https:\/\/development.kanagaconsulting.com\/en\/wp-json\/wp\/v2\/media?parent=444"}],"curies":[{"name":"wp","href":"https:\/\/api.w.org\/{rel}","templated":true}]}}