{"id":440,"date":"2024-01-04T22:32:33","date_gmt":"2024-01-04T21:32:33","guid":{"rendered":"https:\/\/development.kanagaconsulting.com\/?page_id=440"},"modified":"2024-01-18T00:13:35","modified_gmt":"2024-01-17T23:13:35","slug":"projets-developpement-du-secteur-prive-des-pme","status":"publish","type":"page","link":"https:\/\/development.kanagaconsulting.com\/en\/projets-developpement-du-secteur-prive-des-pme\/","title":{"rendered":"Projects - Private sector\/SME development"},"content":{"rendered":"<section class=\"wpb-content-wrapper\"><section class=\"vc_row wpb_row vc_row-fluid bg-light pt64 pb64 not-equal not-color small-container vc_custom_1704409159757 vc_row-has-fill\"><div class=\"container\"><div class=\"row\"><div class=\"wpb_column vc_column_container vc_col-sm-12\"><div class=\"vc_column-inner\"><div class=\"wpb_wrapper\">\n\t<div class=\"wpb_text_column wpb_content_element\" >\n\t\t<div class=\"wpb_wrapper\">\n\t\t\t<p><span style=\"font-weight: 400;\">Small and medium-sized enterprises are recognized worldwide as engines of growth and socio-economic development. They contribute significantly to the generation of public revenue, job creation, economic empowerment and the provision of goods and services to the population.<\/span><\/p>\n<p><span style=\"font-weight: 400;\">Kanaga Consulting stands out for its unique approach in the field of SME development, thanks to its experience at the intersection of the public and private sectors. Our commitment to the development of SMEs has resulted in several missions in French-speaking Africa, including:<\/span><\/p>\n<ul>\n<li style=\"font-weight: 400;\" aria-level=\"1\"><span style=\"font-weight: 400;\">Formulation of support strategies for SMEs,\u00a0<\/span><\/li>\n<li style=\"font-weight: 400;\" aria-level=\"1\"><span style=\"font-weight: 400;\">The development of strategies for access to financing,\u00a0<\/span><\/li>\n<li style=\"font-weight: 400;\" aria-level=\"1\"><span style=\"font-weight: 400;\">Assessment of the technical, operational and financial skills of SMEs,\u00a0<\/span><\/li>\n<li style=\"font-weight: 400;\" aria-level=\"1\"><span style=\"font-weight: 400;\">The design and implementation of capacity building programs (business upgrading),<\/span><\/li>\n<li style=\"font-weight: 400;\" aria-level=\"1\"><span style=\"font-weight: 400;\">Value chain analyzes and market studies<\/span><\/li>\n<li style=\"font-weight: 400;\" aria-level=\"1\"><span style=\"font-weight: 400;\">etc.<\/span><\/li>\n<\/ul>\n\n\t\t<\/div>\n\t<\/div>\n<\/div><\/div><\/div><\/div><\/div><\/section><section class=\"vc_row wpb_row vc_row-fluid bg-light pt64 pb64 not-equal not-color\"><div class=\"container\"><div class=\"row\"><div class=\"wpb_column vc_column_container vc_col-sm-12\"><div class=\"vc_column-inner\"><div class=\"wpb_wrapper\"><div class=\"headings-title\"><div class=\"mb70 mb-xs-40 text-center\"><h5  class=\"widgettitle\">Projects accomplished<\/h5><div class=\"divider-wrap\"><div class=\"tlg-divider\" style=\"\"><\/div><\/div><\/div><\/div><\/div><\/div><\/div><\/div><\/div><\/section><section class=\"vc_row wpb_row vc_row-fluid bg-secondary not-equal not-color vc_custom_1704563576566\"><div class=\"container\"><div class=\"row\"><div class=\"box_row_col wpb_column vc_column_container vc_col-sm-12\"><div class=\"vc_column-inner\"><div class=\"wpb_wrapper\"><section class=\"box-content image-half p0\">\n\t\t\t\t\t\t    <div class=\"col-lg-6 p0\">\n\t\t\t\t\t\t    \t<div class=\"intro-image\"><img decoding=\"async\" src=\"https:\/\/development.kanagaconsulting.com\/wp-content\/plugins\/tlg_framework\/assets\/img\/placeholder.png\"><\/div>\n\t\t\t\t\t\t    <\/div>\n\t\t\t\t\t\t    <div class=\"container\">\n\t\t\t\t\t\t        <div class=\"col-lg-6 col-lg-offset-1 pl-l-80 vertical-alignment right\"><div class=\"widgetsubtitle\">YEAR : 2021 CUSTOMER:  ENABEL<\/div><h2  class=\"widgettitle mb8\">Support to the APIP Business Support Department (DAE) for the development of a strategic vision and a medium-term action plan<\/h2><div class=\"primary-line\"><\/div><div class=\"intro-content-content\"><\/p>\n<div style=\"font-size: 12px;\">The mission consisted of several essential steps aimed at strengthening the Business Support Directorate (DAE) of the Private Investment Promotion Agency (APIP). First of all, it was a question of formulating a clear strategic vision for the DAE, defining its objectives and its role in supporting businesses. This vision served as the basis for the design of a tailor-made service offering, specifically adapted to the needs of the companies to be supported. The development of a roadmap and an operational action plan constituted a crucial step in defining the steps and resources necessary to achieve the medium-term strategic vision. In addition, the mission involved strengthening the structuring of the DAE, by putting in place the processes, human resources and tools necessary for effective implementation of the strategy. Finally, our intervention aimed to support the DAE in the initial phase of the implementation of the action plan, by providing practical support to achieve the set objectives. All of these actions have contributed to strengthening APIP\u2019s capacity to support businesses and promote economic development.<\/div>\n<p>\n<\/div><\/div>\n\t\t\t\t\t\t    <\/div>\n\t\t\t\t\t\t<\/section><\/div><\/div><\/div><\/div><\/div><\/section>\n<\/section>","protected":false},"excerpt":{"rendered":"Les petites et moyennes entreprises sont reconnues dans le monde entier comme des moteurs de la croissance et du d\u00e9veloppement socio-\u00e9conomique. Elles contribuent de mani\u00e8re significative \u00e0 la g\u00e9n\u00e9ration de revenus publics, \u00e0 la cr\u00e9ation d'emplois, \u00e0 l'autonomisation \u00e9conomique et \u00e0 la mise \u00e0 disposition de biens et de services pour la population. Kanaga Consulting...","protected":false},"author":1,"featured_media":502,"parent":0,"menu_order":0,"comment_status":"closed","ping_status":"closed","template":"","meta":{"footnotes":""},"class_list":["post-440","page","type-page","status-publish","has-post-thumbnail","hentry"],"_links":{"self":[{"href":"https:\/\/development.kanagaconsulting.com\/en\/wp-json\/wp\/v2\/pages\/440","targetHints":{"allow":["GET"]}}],"collection":[{"href":"https:\/\/development.kanagaconsulting.com\/en\/wp-json\/wp\/v2\/pages"}],"about":[{"href":"https:\/\/development.kanagaconsulting.com\/en\/wp-json\/wp\/v2\/types\/page"}],"author":[{"embeddable":true,"href":"https:\/\/development.kanagaconsulting.com\/en\/wp-json\/wp\/v2\/users\/1"}],"replies":[{"embeddable":true,"href":"https:\/\/development.kanagaconsulting.com\/en\/wp-json\/wp\/v2\/comments?post=440"}],"version-history":[{"count":16,"href":"https:\/\/development.kanagaconsulting.com\/en\/wp-json\/wp\/v2\/pages\/440\/revisions"}],"predecessor-version":[{"id":606,"href":"https:\/\/development.kanagaconsulting.com\/en\/wp-json\/wp\/v2\/pages\/440\/revisions\/606"}],"wp:featuredmedia":[{"embeddable":true,"href":"https:\/\/development.kanagaconsulting.com\/en\/wp-json\/wp\/v2\/media\/502"}],"wp:attachment":[{"href":"https:\/\/development.kanagaconsulting.com\/en\/wp-json\/wp\/v2\/media?parent=440"}],"curies":[{"name":"wp","href":"https:\/\/api.w.org\/{rel}","templated":true}]}}