{"id":438,"date":"2024-01-04T22:32:00","date_gmt":"2024-01-04T21:32:00","guid":{"rendered":"https:\/\/development.kanagaconsulting.com\/?page_id=438"},"modified":"2024-01-18T00:12:41","modified_gmt":"2024-01-17T23:12:41","slug":"projets-energie","status":"publish","type":"page","link":"https:\/\/development.kanagaconsulting.com\/en\/projets-energie\/","title":{"rendered":"Projects \u2013 Energy"},"content":{"rendered":"<section class=\"wpb-content-wrapper\"><section class=\"vc_row wpb_row vc_row-fluid bg-light pt64 pb64 not-equal not-color small-container vc_custom_1704409159757 vc_row-has-fill\"><div class=\"container\"><div class=\"row\"><div class=\"wpb_column vc_column_container vc_col-sm-12\"><div class=\"vc_column-inner\"><div class=\"wpb_wrapper\">\n\t<div class=\"wpb_text_column wpb_content_element\" >\n\t\t<div class=\"wpb_wrapper\">\n\t\t\t<p><span style=\"font-weight: 400;\">The energy sector has become a source of significant political attention in African countries and around the world. Issues related to renewable energy, project financing, and the implementation of energy production and distribution plans at a reasonable cost represent significant challenges for economic growth and development.<\/span><\/p>\n<p><span style=\"font-weight: 400;\">Our multidisciplinary firm combines in-depth knowledge of Africa's energy sectors and technical expertise in key areas such as economics, finance and regulation. This combination allows us to provide strategic advice and in-depth analysis to guide stakeholders involved in this vital sector.<\/span><\/p>\n\n\t\t<\/div>\n\t<\/div>\n<\/div><\/div><\/div><\/div><\/div><\/section><div class=\"vc_row wpb_row vc_row-fluid bg-secondary not-equal not-color\"><div class=\"\"><div class=\"row\"><div class=\"box_row_col wpb_column vc_column_container vc_col-sm-12\"><div class=\"vc_column-inner\"><div class=\"wpb_wrapper\"><section class=\"box-content image-half p0\">\n\t\t\t\t\t\t    <div class=\"col-lg-6 p0\">\n\t\t\t\t\t\t    \t<div class=\"intro-image\"><img decoding=\"async\" src=\"https:\/\/development.kanagaconsulting.com\/wp-content\/plugins\/tlg_framework\/assets\/img\/placeholder.png\"><\/div>\n\t\t\t\t\t\t    <\/div>\n\t\t\t\t\t\t    <div class=\"container\">\n\t\t\t\t\t\t        <div class=\"col-lg-6 col-lg-offset-1 pl-l-80 vertical-alignment right\"><div class=\"widgetsubtitle\">YEAR: 2022 - CUSTOMER:  GIZ, Bamako office<\/div><h2  class=\"widgettitle mb8\">Assessment of the market potential of solar photovoltaic energy in the cotton industry sub-sector in Mali and Burkina Faso<\/h2><div class=\"primary-line\"><\/div><div class=\"intro-content-content\"><\/p>\n<div style=\"font-size: 13px;\">The mission consisted of an in-depth analysis of the economic and technical potential of the cotton industry sub-sector, particularly ginning, spinning\/textile factories and oil mills, in Mali and Burkina Faso with a view to implementing installation of photovoltaic (PV) solar installations. Our intervention also included a detailed assessment of the energy demand and potential for using solar PV energy in these installations. Another facet of the mission was the identification of specific project managers and the creation of a one-stop shop for stakeholders interested in the development of solar photovoltaic energy in the cotton industry of these two countries.<\/div>\n<p>\n<\/div><\/div>\n\t\t\t\t\t\t    <\/div>\n\t\t\t\t\t\t<\/section><section class=\"box-content image-half p0\">\n\t\t\t\t\t\t    <div class=\"col-lg-6 p0 col-lg-push-6\">\n\t\t\t\t\t\t    \t<div class=\"intro-image\"><img decoding=\"async\" src=\"https:\/\/development.kanagaconsulting.com\/wp-content\/plugins\/tlg_framework\/assets\/img\/placeholder.png\"><\/div>\n\t\t\t\t\t\t    <\/div>\n\t\t\t\t\t\t    <div class=\"container\">\n\t\t\t\t\t\t        <div class=\"col-lg-6 col-lg-pull-0 pr-l-80 vertical-alignment\"><div class=\"widgetsubtitle\">YEAR : 2022 - CUSTOMER: SOGEOH - OMVS<\/div><h2  class=\"widgettitle mb8\">Development of the financial model for the Koukoutamba Hydroelectric Development Project (PAHK) and the note on the economic benefits of the project<\/h2><div class=\"primary-line\"><\/div><div class=\"intro-content-content\"><\/p>\n<div style=\"font-size: 13px;\">\n<p>This project consisted of developing a financial model of the Koukoutamba Hydroelectric Development Project (PAHK) and a note on the economic benefits of the project. The financial model was designed as a decision-making tool allowing financial projections to be made. over a period of 30 years. It offered the possibility to users to create various scenarios based on the assumptions made, and produce essential data for strategic decisions, such as financial statements, relevant financial ratios, economic and financial rates of return, as well as balance financial of the project. In addition, the model allows SOGEOH to determine the prices of electricity produced by the dam.<\/p>\n<\/div>\n<p>\n<\/div><\/div>\n\t\t\t\t\t\t    <\/div>\n\t\t\t\t\t\t<\/section><\/div><\/div><\/div><\/div><\/div><\/div>\n<\/section>","protected":false},"excerpt":{"rendered":"Le secteur de l'\u00e9nergie est devenu une source d'attention politique importante dans les pays d'Afrique et dans le monde entier. Les questions li\u00e9es aux \u00e9nergies renouvelables, au financement des projets, et la mise en \u0153uvre de plans de production et de distribution de l'\u00e9nergie \u00e0 un co\u00fbt raisonnable repr\u00e9sentent des d\u00e9fis importants pour la croissance...","protected":false},"author":1,"featured_media":497,"parent":0,"menu_order":0,"comment_status":"closed","ping_status":"closed","template":"","meta":{"footnotes":""},"class_list":["post-438","page","type-page","status-publish","has-post-thumbnail","hentry"],"_links":{"self":[{"href":"https:\/\/development.kanagaconsulting.com\/en\/wp-json\/wp\/v2\/pages\/438","targetHints":{"allow":["GET"]}}],"collection":[{"href":"https:\/\/development.kanagaconsulting.com\/en\/wp-json\/wp\/v2\/pages"}],"about":[{"href":"https:\/\/development.kanagaconsulting.com\/en\/wp-json\/wp\/v2\/types\/page"}],"author":[{"embeddable":true,"href":"https:\/\/development.kanagaconsulting.com\/en\/wp-json\/wp\/v2\/users\/1"}],"replies":[{"embeddable":true,"href":"https:\/\/development.kanagaconsulting.com\/en\/wp-json\/wp\/v2\/comments?post=438"}],"version-history":[{"count":9,"href":"https:\/\/development.kanagaconsulting.com\/en\/wp-json\/wp\/v2\/pages\/438\/revisions"}],"predecessor-version":[{"id":605,"href":"https:\/\/development.kanagaconsulting.com\/en\/wp-json\/wp\/v2\/pages\/438\/revisions\/605"}],"wp:featuredmedia":[{"embeddable":true,"href":"https:\/\/development.kanagaconsulting.com\/en\/wp-json\/wp\/v2\/media\/497"}],"wp:attachment":[{"href":"https:\/\/development.kanagaconsulting.com\/en\/wp-json\/wp\/v2\/media?parent=438"}],"curies":[{"name":"wp","href":"https:\/\/api.w.org\/{rel}","templated":true}]}}