{"id":436,"date":"2024-01-04T22:31:18","date_gmt":"2024-01-04T21:31:18","guid":{"rendered":"https:\/\/development.kanagaconsulting.com\/?page_id=436"},"modified":"2024-01-18T00:11:10","modified_gmt":"2024-01-17T23:11:10","slug":"projets-contenu-local","status":"publish","type":"page","link":"https:\/\/development.kanagaconsulting.com\/en\/projets-contenu-local\/","title":{"rendered":"Projects \u2013 Local content"},"content":{"rendered":"<section class=\"wpb-content-wrapper\"><section class=\"vc_row wpb_row vc_row-fluid bg-light pt64 pb64 not-equal not-color small-container vc_custom_1704409159757 vc_row-has-fill\"><div class=\"container\"><div class=\"row\"><div class=\"wpb_column vc_column_container vc_col-sm-12\"><div class=\"vc_column-inner\"><div class=\"wpb_wrapper\">\n\t<div class=\"wpb_text_column wpb_content_element\" >\n\t\t<div class=\"wpb_wrapper\">\n\t\t\t<p><span style=\"font-weight: 400;\">The term \"local content\" refers to policies and practices intended to encourage or require extractive companies, such as mining, oil and gas companies, to promote the use of local resources, labor and local work, local suppliers and other players in the local economy in their operations.<\/span><\/p>\n<p><span style=\"font-weight: 400;\">Kanaga Consulting has extensive experience in local content in the extractive sector across French-speaking Africa through our participation in several projects over the past ten years. Our experiences cover: Mali, Guinea, Burkina Faso, Senegal, Ivory Coast, Democratic Republic of Congo, Mauritania etc.<\/span><\/p>\n<p><span style=\"font-weight: 400;\">Our expertise in this area includes:<\/span><\/p>\n<ul>\n<li style=\"font-weight: 400;\" aria-level=\"1\"><span style=\"font-weight: 400;\">Evaluation of practices and performances in terms of procurement and local employment<\/span><\/li>\n<li style=\"font-weight: 400;\" aria-level=\"1\"><span style=\"font-weight: 400;\">Developing local content strategies for states<\/span><\/li>\n<li style=\"font-weight: 400;\" aria-level=\"1\"><span style=\"font-weight: 400;\">Developing local content plans for extractive companies<\/span><\/li>\n<li style=\"font-weight: 400;\" aria-level=\"1\"><span style=\"font-weight: 400;\">Implementing local content plans<\/span><\/li>\n<li style=\"font-weight: 400;\" aria-level=\"1\"><span style=\"font-weight: 400;\">Support for regulators and promotional institutions<\/span><\/li>\n<\/ul>\n\n\t\t<\/div>\n\t<\/div>\n<\/div><\/div><\/div><\/div><\/div><\/section><div class=\"vc_row wpb_row vc_row-fluid bg-secondary not-equal not-color\"><div class=\"\"><div class=\"row\"><div class=\"box_row_col wpb_column vc_column_container vc_col-sm-12\"><div class=\"vc_column-inner\"><div class=\"wpb_wrapper\"><section class=\"box-content image-half p0\">\n\t\t\t\t\t\t    <div class=\"col-lg-6 p0\">\n\t\t\t\t\t\t    \t<div class=\"intro-image\"><img decoding=\"async\" src=\"https:\/\/development.kanagaconsulting.com\/wp-content\/plugins\/tlg_framework\/assets\/img\/placeholder.png\"><\/div>\n\t\t\t\t\t\t    <\/div>\n\t\t\t\t\t\t    <div class=\"container\">\n\t\t\t\t\t\t        <div class=\"col-lg-6 col-lg-offset-1 pl-l-80 vertical-alignment right\"><div class=\"widgetsubtitle\">YEAR: 2021<\/div><h2  class=\"widgettitle mb8\">Development of a strategy for the creation of local content in the extractive industry sector<\/h2><div class=\"primary-line\"><\/div><div class=\"intro-content-content\"><\/p>\n<div style=\"font-size: 13px;\">The mission was to develop a local content strategy to support current and future activities in the oil, gas and mining sectors, on behalf of the Ministry of SMEs. From this perspective, analyzing the existing situation in these sectors was a key step to understanding the opportunities and challenges. Next, the mission involved the development of a strategy to increase local content in the oil, gas, and mining sector, which includes the definition of objectives, actions, and concrete measures. In addition, a Specification has been prepared for the design of a portal monitoring system, making it possible to monitor and evaluate the implementation of the local content strategy.<\/div>\n<p>\n<\/div><\/div>\n\t\t\t\t\t\t    <\/div>\n\t\t\t\t\t\t<\/section><section class=\"box-content image-half p0\">\n\t\t\t\t\t\t    <div class=\"col-lg-6 p0 col-lg-push-6\">\n\t\t\t\t\t\t    \t<div class=\"intro-image\"><img decoding=\"async\" src=\"https:\/\/development.kanagaconsulting.com\/wp-content\/plugins\/tlg_framework\/assets\/img\/placeholder.png\"><\/div>\n\t\t\t\t\t\t    <\/div>\n\t\t\t\t\t\t    <div class=\"container\">\n\t\t\t\t\t\t        <div class=\"col-lg-6 col-lg-pull-0 pr-l-80 vertical-alignment\"><div class=\"widgetsubtitle\">YEAR: 2019 - CUSTOMER: GIZ<\/div><h2  class=\"widgettitle mb8\">Assistance to the Guinea Subcontracting Exchange<\/h2><div class=\"primary-line\"><\/div><div class=\"intro-content-content\"><\/p>\n<div style=\"font-size: 13px;\">The main objective of this mission was to support the operationalization of the BSTP by developing a strategic plan for the period 2019-2021, including objectives, actions, and the definition of the roles of the BSTP and its partners. This involved organizing a strategic planning workshop with board members, creating a detailed organizational chart of the organization, and developing a standards and procedures manual covering various aspects of the organization. 'operation. In addition, a resource and partner mobilization strategy was designed to support the implementation of the strategic plan. Finally, a long-term technical assistant profile was developed to guide efforts to implement the strategic plan, diversify the sectors covered by the BSTP, create partnerships and strengthen staff capacities.<\/div>\n<p>\n<\/div><\/div>\n\t\t\t\t\t\t    <\/div>\n\t\t\t\t\t\t<\/section><\/div><\/div><\/div><\/div><\/div><\/div>\n<\/section>","protected":false},"excerpt":{"rendered":"Le terme \"contenu local\" ou \u201clocal content\u201d fait r\u00e9f\u00e9rence aux politiques et pratiques visant \u00e0 encourager ou \u00e0 exiger que les entreprises extractives, telles que les soci\u00e9t\u00e9s mini\u00e8res, p\u00e9troli\u00e8res et gazi\u00e8res, favorisent l'utilisation de ressources locales, de main-d'\u0153uvre locale, de fournisseurs locaux et d'autres acteurs de l'\u00e9conomie locale dans leurs op\u00e9rations. Kanaga Consulting poss\u00e8de une...","protected":false},"author":1,"featured_media":478,"parent":0,"menu_order":0,"comment_status":"closed","ping_status":"closed","template":"","meta":{"footnotes":""},"class_list":["post-436","page","type-page","status-publish","has-post-thumbnail","hentry"],"_links":{"self":[{"href":"https:\/\/development.kanagaconsulting.com\/en\/wp-json\/wp\/v2\/pages\/436","targetHints":{"allow":["GET"]}}],"collection":[{"href":"https:\/\/development.kanagaconsulting.com\/en\/wp-json\/wp\/v2\/pages"}],"about":[{"href":"https:\/\/development.kanagaconsulting.com\/en\/wp-json\/wp\/v2\/types\/page"}],"author":[{"embeddable":true,"href":"https:\/\/development.kanagaconsulting.com\/en\/wp-json\/wp\/v2\/users\/1"}],"replies":[{"embeddable":true,"href":"https:\/\/development.kanagaconsulting.com\/en\/wp-json\/wp\/v2\/comments?post=436"}],"version-history":[{"count":9,"href":"https:\/\/development.kanagaconsulting.com\/en\/wp-json\/wp\/v2\/pages\/436\/revisions"}],"predecessor-version":[{"id":604,"href":"https:\/\/development.kanagaconsulting.com\/en\/wp-json\/wp\/v2\/pages\/436\/revisions\/604"}],"wp:featuredmedia":[{"embeddable":true,"href":"https:\/\/development.kanagaconsulting.com\/en\/wp-json\/wp\/v2\/media\/478"}],"wp:attachment":[{"href":"https:\/\/development.kanagaconsulting.com\/en\/wp-json\/wp\/v2\/media?parent=436"}],"curies":[{"name":"wp","href":"https:\/\/api.w.org\/{rel}","templated":true}]}}