{"id":434,"date":"2024-01-04T22:30:39","date_gmt":"2024-01-04T21:30:39","guid":{"rendered":"https:\/\/development.kanagaconsulting.com\/?page_id=434"},"modified":"2024-01-18T00:07:17","modified_gmt":"2024-01-17T23:07:17","slug":"projets-gouvernance-du-secteur-extractif","status":"publish","type":"page","link":"https:\/\/development.kanagaconsulting.com\/en\/projets-gouvernance-du-secteur-extractif\/","title":{"rendered":"Projets &#8211; Gouvernance du secteur extractif"},"content":{"rendered":"<section class=\"wpb-content-wrapper\"><section class=\"vc_row wpb_row vc_row-fluid bg-light pt64 pb64 not-equal not-color small-container vc_custom_1704409159757 vc_row-has-fill\"><div class=\"container\"><div class=\"row\"><div class=\"wpb_column vc_column_container vc_col-sm-12\"><div class=\"vc_column-inner\"><div class=\"wpb_wrapper\">\n\t<div class=\"wpb_text_column wpb_content_element\" >\n\t\t<div class=\"wpb_wrapper\">\n\t\t\t<p><span style=\"color: #000000;\"><span style=\"font-weight: 400;\">Africa faces governance challenges such as corruption and money laundering that hamper its socio-economic development.\u00a0<\/span><span style=\"font-weight: 400;\">Kanaga Consulting accompagne les Etats, les partenaires au d\u00e9veloppement et la soci\u00e9t\u00e9 civile \u00e0 relever ces d\u00e9fis.<\/span><\/span><\/p>\n<p><span style=\"font-weight: 400; color: #000000;\">Our intervention in this area includes:<\/span><\/p>\n<ul>\n<li style=\"font-weight: 400;\" aria-level=\"1\"><span style=\"font-weight: 400; color: #000000;\">Carrying out a diagnosis<\/span><\/li>\n<li style=\"font-weight: 400;\" aria-level=\"1\"><span style=\"font-weight: 400; color: #000000;\">Developing an intervention plan<\/span><\/li>\n<li style=\"font-weight: 400;\" aria-level=\"1\"><span style=\"font-weight: 400; color: #000000;\">The development of policies, strategies and guides\u00a0<\/span><\/li>\n<li style=\"font-weight: 400;\" aria-level=\"1\"><span style=\"font-weight: 400; color: #000000;\">Etc.<\/span><\/li>\n<\/ul>\n<p><span style=\"font-weight: 400; color: #ffffff;\"><span style=\"color: #000000;\">Kanaga Consulting has carried out a multitude of projects in the governance of the extractive sector ranging from the general legislative framework, to the mobilization of revenues from the sector (tax model), to economic evaluations and the negotiation of contracts with local content<\/span><\/span><\/p>\n\n\t\t<\/div>\n\t<\/div>\n<\/div><\/div><\/div><\/div><\/div><\/section><section class=\"vc_row wpb_row vc_row-fluid bg-light pt64 pb64 not-equal not-color small-container\"><div class=\"container\"><div class=\"row\"><div class=\"wpb_column vc_column_container vc_col-sm-12\"><div class=\"vc_column-inner\"><div class=\"wpb_wrapper\"><div class=\"headings-title\"><div class=\"mb70 mb-xs-40 text-center\"><h3  class=\"widgettitle\">Projects accomplished<\/h3><div class=\"divider-wrap\"><div class=\"tlg-divider\" style=\"\"><\/div><\/div><\/div><\/div><\/div><\/div><\/div><\/div><\/div><\/section><div class=\"vc_row wpb_row vc_row-fluid box_p_row bg-secondary not-equal not-color\"><div class=\"\"><div class=\"row\"><div class=\"box_row_col wpb_column vc_column_container vc_col-sm-12\"><div class=\"vc_column-inner\"><div class=\"wpb_wrapper\"><section class=\"box-content image-half p0\">\n\t\t\t\t\t\t    <div class=\"col-lg-6 p0\">\n\t\t\t\t\t\t    \t<div class=\"intro-image\"><img decoding=\"async\" src=\"https:\/\/development.kanagaconsulting.com\/wp-content\/plugins\/tlg_framework\/assets\/img\/placeholder.png\"><\/div>\n\t\t\t\t\t\t    <\/div>\n\t\t\t\t\t\t    <div class=\"container\">\n\t\t\t\t\t\t        <div class=\"col-lg-6 col-lg-offset-1 pl-l-80 vertical-alignment right\"><div class=\"widgetsubtitle\">YEAR: 2023 - CUSTOMER: Natural Resources Governance Institute<\/div><h2  class=\"widgettitle mb8\">Diagnostic studies of corruption in the mining sector in Guinea<\/h2><div class=\"primary-line\"><\/div><div class=\"intro-content-content\"><\/p>\n<div style=\"font-size: 14px;\">\n<p>The mission aimed to support the College of representatives of civil society within the Steering Committee of the EITI (Extractive Industries Transparency Initiative) in Guinea in the implementation of the corruption diagnostic tool developed by NRGI, using an evidence-based, multi-stakeholder approach to combating corruption in the Guinean mining sector. This initiative specifically aimed to identify the most worrying forms of corruption in the Bauxite sector in Guinea, to diagnose the underlying causes of corruption, and to develop an evidence-based intervention plan to prevent corruption practices. future corruption.<\/p>\n<\/div>\n<p>\n<\/div><\/div>\n\t\t\t\t\t\t    <\/div>\n\t\t\t\t\t\t<\/section><section class=\"box-content image-half p0\">\n\t\t\t\t\t\t    <div class=\"col-lg-6 p0 col-lg-push-6\">\n\t\t\t\t\t\t    \t<div class=\"intro-image\"><img decoding=\"async\" src=\"https:\/\/development.kanagaconsulting.com\/wp-content\/plugins\/tlg_framework\/assets\/img\/placeholder.png\"><\/div>\n\t\t\t\t\t\t    <\/div>\n\t\t\t\t\t\t    <div class=\"container\">\n\t\t\t\t\t\t        <div class=\"col-lg-6 col-lg-pull-0 pr-l-80 vertical-alignment\"><div class=\"widgetsubtitle\">YEAR: 2022 - Customer : GIZ GRSE<\/div><h2  class=\"widgettitle mb8\">Guide on the Fight against Money Laundering and Financing of Terrorism (AML\/CFT) in the mining sector<\/h2><div class=\"primary-line\"><\/div><div class=\"intro-content-content\"><\/p>\n<div style=\"font-size: 11px;\">The mission aimed to strengthen the fight against money laundering and the financing of terrorism (AML\/CFT) in the Ivorian mining sector by developing guidelines and a guide to good practices. It began with a documentary review of national legal requirements and international standards related to AML\/CFT in the mining sector, followed by the finalization of a risk assessment report. Then, a draft guide was developed to serve as a repository of internal controls, policies\/procedures and supervision according to extractive sector standards. The guide was then presented to stakeholders through validation and training workshops. Finally, recommendations for next steps were made to support the dissemination and use of the guide, as well as the strengthening of AML\/CFT in the Ivorian mining sector, thus contributing to better governance and transparency in this key economic sector. .<\/div>\n<p>\n<\/div><\/div>\n\t\t\t\t\t\t    <\/div>\n\t\t\t\t\t\t<\/section><\/div><\/div><\/div><\/div><\/div><\/div>\n<\/section>","protected":false},"excerpt":{"rendered":"L\u2019Afrique fait face \u00e0 des d\u00e9fis de gouvernance tels que la corruption et le blanchiment de capitaux qui entravent son d\u00e9veloppement socio-\u00e9conomique.\u00a0Kanaga Consulting accompagne les Etats, les partenaires au d\u00e9veloppement et la soci\u00e9t\u00e9 civile \u00e0 relever ces d\u00e9fis. Notre intervention dans ce domaine comprend: La r\u00e9alisation de diagnostic L'\u00e9laboration de plan d\u2019intervention Le d\u00e9veloppement de...","protected":false},"author":1,"featured_media":452,"parent":0,"menu_order":0,"comment_status":"closed","ping_status":"closed","template":"","meta":{"footnotes":""},"class_list":["post-434","page","type-page","status-publish","has-post-thumbnail","hentry"],"_links":{"self":[{"href":"https:\/\/development.kanagaconsulting.com\/en\/wp-json\/wp\/v2\/pages\/434","targetHints":{"allow":["GET"]}}],"collection":[{"href":"https:\/\/development.kanagaconsulting.com\/en\/wp-json\/wp\/v2\/pages"}],"about":[{"href":"https:\/\/development.kanagaconsulting.com\/en\/wp-json\/wp\/v2\/types\/page"}],"author":[{"embeddable":true,"href":"https:\/\/development.kanagaconsulting.com\/en\/wp-json\/wp\/v2\/users\/1"}],"replies":[{"embeddable":true,"href":"https:\/\/development.kanagaconsulting.com\/en\/wp-json\/wp\/v2\/comments?post=434"}],"version-history":[{"count":36,"href":"https:\/\/development.kanagaconsulting.com\/en\/wp-json\/wp\/v2\/pages\/434\/revisions"}],"predecessor-version":[{"id":601,"href":"https:\/\/development.kanagaconsulting.com\/en\/wp-json\/wp\/v2\/pages\/434\/revisions\/601"}],"wp:featuredmedia":[{"embeddable":true,"href":"https:\/\/development.kanagaconsulting.com\/en\/wp-json\/wp\/v2\/media\/452"}],"wp:attachment":[{"href":"https:\/\/development.kanagaconsulting.com\/en\/wp-json\/wp\/v2\/media?parent=434"}],"curies":[{"name":"wp","href":"https:\/\/api.w.org\/{rel}","templated":true}]}}