{"id":127,"date":"2023-08-18T14:34:55","date_gmt":"2023-08-18T12:34:55","guid":{"rendered":"http:\/\/development.kanagaconsulting.com\/?page_id=127"},"modified":"2024-01-25T14:33:39","modified_gmt":"2024-01-25T13:33:39","slug":"notre-expertise","status":"publish","type":"page","link":"https:\/\/development.kanagaconsulting.com\/en\/notre-expertise\/","title":{"rendered":"Our Expertise"},"content":{"rendered":"<section class=\"wpb-content-wrapper\"><section class=\"vc_row wpb_row vc_row-fluid bg-light pt64 pb64 not-equal not-color small-container\"><div class=\"container\"><div class=\"row\"><div class=\"wpb_column vc_column_container vc_col-sm-6 vc_col-xs-12\"><div class=\"vc_column-inner\"><div class=\"wpb_wrapper\"><div class=\"image-captions\"><a href= \"https:\/\/development.kanagaconsulting.com\/en\/projets-gouvernance-du-secteur-extractif\/\" target=\"_self\" ><div class=\"image-caption overlay-caption visible-caption\"><img decoding=\"async\" src=\"https:\/\/development.kanagaconsulting.com\/wp-content\/plugins\/tlg_framework\/assets\/img\/placeholder.png\"><div  class=\"caption\"><h5  class=\"widgettitle mb0\">Governance of the extractive sector<\/h5><div  class=\"widgetsubtitle\">Africa faces governance challenges such as corruption and money laundering that hamper its socio-economic development\u2026<\/div><span class=\"btn--icon\">Read more<i class=\"ti-angle-right\"><\/i><\/span><\/div><\/div><\/a><\/div><\/div><\/div><\/div><div class=\"wpb_column vc_column_container vc_col-sm-6\"><div class=\"vc_column-inner\"><div class=\"wpb_wrapper\"><div class=\"image-captions\"><a href= \"https:\/\/development.kanagaconsulting.com\/en\/projets-contenu-local\/\" target=\"_self\" ><div class=\"image-caption overlay-caption visible-caption\"><img decoding=\"async\" src=\"https:\/\/development.kanagaconsulting.com\/wp-content\/plugins\/tlg_framework\/assets\/img\/placeholder.png\"><div  class=\"caption\"><h5  class=\"widgettitle mb0\">Local content<\/h5><div  class=\"widgetsubtitle\">The term ``local content`` refers to policies aimed at encouraging or requiring that extractive companies promote the use of local resources, ...<\/div><span class=\"btn--icon\">Read more<i class=\"ti-angle-right\"><\/i><\/span><\/div><\/div><\/a><\/div><\/div><\/div><\/div><\/div><\/div><\/section><section class=\"vc_row wpb_row vc_row-fluid bg-light pt64 pb64 not-equal not-color small-container\"><div class=\"container\"><div class=\"row\"><div class=\"wpb_column vc_column_container vc_col-sm-6 vc_col-xs-12\"><div class=\"vc_column-inner\"><div class=\"wpb_wrapper\"><div class=\"image-captions\"><a href= \"https:\/\/development.kanagaconsulting.com\/en\/projets-energie\/\" target=\"_self\" ><div class=\"image-caption overlay-caption visible-caption\"><img decoding=\"async\" src=\"https:\/\/development.kanagaconsulting.com\/wp-content\/plugins\/tlg_framework\/assets\/img\/placeholder.png\"><div  class=\"caption\"><h5  class=\"widgettitle mb0\">Energy<\/h5><div  class=\"widgetsubtitle\">The energy sector has become a source of significant political attention in African countries and around the world. Questions related to renewable energies, project financing, etc.<\/div><span class=\"btn--icon\">Read more<i class=\"ti-angle-right\"><\/i><\/span><\/div><\/div><\/a><\/div><\/div><\/div><\/div><div class=\"wpb_column vc_column_container vc_col-sm-6\"><div class=\"vc_column-inner\"><div class=\"wpb_wrapper\"><div class=\"image-captions\"><a href= \"https:\/\/development.kanagaconsulting.com\/en\/projets-developpement-du-secteur-prive-des-pme\/\" target=\"_self\" ><div class=\"image-caption overlay-caption visible-caption\"><img decoding=\"async\" src=\"https:\/\/development.kanagaconsulting.com\/wp-content\/plugins\/tlg_framework\/assets\/img\/placeholder.png\"><div  class=\"caption\"><h5  class=\"widgettitle mb0\">Private sector\/SME development<\/h5><div  class=\"widgetsubtitle\">Small and medium-sized enterprises are recognized worldwide as engines of growth and development...<\/div><span class=\"btn--icon\">Read more<i class=\"ti-angle-right\"><\/i><\/span><\/div><\/div><\/a><\/div><\/div><\/div><\/div><\/div><\/div><\/section><section class=\"vc_row wpb_row vc_row-fluid bg-light pt64 pb64 not-equal not-color small-container\"><div class=\"container\"><div class=\"row\"><div class=\"wpb_column vc_column_container vc_col-sm-6 vc_col-xs-12\"><div class=\"vc_column-inner\"><div class=\"wpb_wrapper\"><div class=\"image-captions\"><a href= \"https:\/\/development.kanagaconsulting.com\/en\/projets-numerique-et-digitalisation\/\" target=\"_self\" ><div class=\"image-caption overlay-caption visible-caption\"><img decoding=\"async\" src=\"https:\/\/development.kanagaconsulting.com\/wp-content\/plugins\/tlg_framework\/assets\/img\/placeholder.png\"><div  class=\"caption\"><h5  class=\"widgettitle mb0\">IT and Digitalization<\/h5><div  class=\"widgetsubtitle\">Digital transformation represents an opportunity to boost economic growth and industrialization, reduce poverty and improve people\u2019s lives...<\/div><span class=\"btn--icon\">Read more<i class=\"ti-angle-right\"><\/i><\/span><\/div><\/div><\/a><\/div><\/div><\/div><\/div><div class=\"wpb_column vc_column_container vc_col-sm-6\"><div class=\"vc_column-inner\"><div class=\"wpb_wrapper\"><div class=\"image-captions\"><a href= \"https:\/\/development.kanagaconsulting.com\/en\/projets-systemes-financiers-et-inclusion-financiere\/\" target=\"_self\" ><div class=\"image-caption overlay-caption visible-caption\"><img decoding=\"async\" src=\"https:\/\/development.kanagaconsulting.com\/wp-content\/plugins\/tlg_framework\/assets\/img\/placeholder.png\"><div  class=\"caption\"><h5  class=\"widgettitle mb0\">Financial systems and financial inclusion<\/h5><div  class=\"widgetsubtitle\">Africa is at a turning point. Countries are no longer just aiming for growth,...<\/div><span class=\"btn--icon\">Read more<i class=\"ti-angle-right\"><\/i><\/span><\/div><\/div><\/a><\/div><\/div><\/div><\/div><\/div><\/div><\/section>\n<\/section>","protected":false},"excerpt":{"rendered":"Gouvernance du secteur extractifL\u2019Afrique fait face \u00e0 des d\u00e9fis de gouvernance tels que la corruption et le blanchiment de capitaux qui entravent son d\u00e9veloppement socio-\u00e9conomique\u2026Lire la suiteContenu localLe terme ``contenu local`` ou \u201clocal content\u201d fait r\u00e9f\u00e9rence aux politiques visant \u00e0 encourager ou \u00e0 exiger que les entreprises extractives, favorisent l'utilisation de ressources locales, ...Lire la...","protected":false},"author":1,"featured_media":573,"parent":0,"menu_order":0,"comment_status":"closed","ping_status":"closed","template":"","meta":{"footnotes":""},"class_list":["post-127","page","type-page","status-publish","has-post-thumbnail","hentry"],"_links":{"self":[{"href":"https:\/\/development.kanagaconsulting.com\/en\/wp-json\/wp\/v2\/pages\/127","targetHints":{"allow":["GET"]}}],"collection":[{"href":"https:\/\/development.kanagaconsulting.com\/en\/wp-json\/wp\/v2\/pages"}],"about":[{"href":"https:\/\/development.kanagaconsulting.com\/en\/wp-json\/wp\/v2\/types\/page"}],"author":[{"embeddable":true,"href":"https:\/\/development.kanagaconsulting.com\/en\/wp-json\/wp\/v2\/users\/1"}],"replies":[{"embeddable":true,"href":"https:\/\/development.kanagaconsulting.com\/en\/wp-json\/wp\/v2\/comments?post=127"}],"version-history":[{"count":54,"href":"https:\/\/development.kanagaconsulting.com\/en\/wp-json\/wp\/v2\/pages\/127\/revisions"}],"predecessor-version":[{"id":587,"href":"https:\/\/development.kanagaconsulting.com\/en\/wp-json\/wp\/v2\/pages\/127\/revisions\/587"}],"wp:featuredmedia":[{"embeddable":true,"href":"https:\/\/development.kanagaconsulting.com\/en\/wp-json\/wp\/v2\/media\/573"}],"wp:attachment":[{"href":"https:\/\/development.kanagaconsulting.com\/en\/wp-json\/wp\/v2\/media?parent=127"}],"curies":[{"name":"wp","href":"https:\/\/api.w.org\/{rel}","templated":true}]}}