{"id":11,"date":"2023-08-02T04:03:37","date_gmt":"2023-08-02T02:03:37","guid":{"rendered":"http:\/\/development.kanagaconsulting.com\/?page_id=11"},"modified":"2024-09-02T04:06:37","modified_gmt":"2024-09-02T02:06:37","slug":"contact","status":"publish","type":"page","link":"https:\/\/development.kanagaconsulting.com\/en\/contact\/","title":{"rendered":"Contact"},"content":{"rendered":"<section class=\"wpb-content-wrapper\">\t\t<div data-elementor-type=\"wp-page\" data-elementor-id=\"11\" class=\"elementor elementor-11\">\n\t\t\t\t\t\t\t<div class=\"elementor-element elementor-element-3badd0b e-flex e-con-boxed e-con e-parent\" data-id=\"3badd0b\" data-element_type=\"container\" data-settings=\"{&quot;content_width&quot;:&quot;boxed&quot;}\" data-core-v316-plus=\"true\">\n\t\t\t\t\t<div class=\"e-con-inner\">\n\t\t\t\t<div class=\"elementor-element elementor-element-2473266d elementor-widget elementor-widget-text-editor\" data-id=\"2473266d\" data-element_type=\"widget\" data-widget_type=\"text-editor.default\">\n\t\t\t\t<div class=\"elementor-widget-container\">\n\t\t\t<style>\/*! elementor - v3.17.0 - 01-11-2023 *\/\n.elementor-widget-text-editor.elementor-drop-cap-view-stacked .elementor-drop-cap{background-color:#69727d;color:#fff}.elementor-widget-text-editor.elementor-drop-cap-view-framed .elementor-drop-cap{color:#69727d;border:3px solid;background-color:transparent}.elementor-widget-text-editor:not(.elementor-drop-cap-view-default) .elementor-drop-cap{margin-top:8px}.elementor-widget-text-editor:not(.elementor-drop-cap-view-default) .elementor-drop-cap-letter{width:1em;height:1em}.elementor-widget-text-editor .elementor-drop-cap{float:left;text-align:center;line-height:1;font-size:50px}.elementor-widget-text-editor .elementor-drop-cap-letter{display:inline-block}<\/style>\t\t\t\t<section class=\"vc_row wpb_row vc_row-fluid bg-light pt64 pb64 not-equal not-color small-container\"><div class=\"container\"><div class=\"row\"><div class=\"wpb_column vc_column_container vc_col-sm-12\"><div class=\"vc_column-inner\"><div class=\"wpb_wrapper\"><div id=\"tab-69fb4c380c9c7\" class=\"wpb_animate_when_almost_visible wpb_top-to-bottom top-to-bottom tabs-content tabs-style-3\"><ul class=\"tabs\"><\/ul><\/div><li><div class=\"tab-title\"><span>Opportunit\u00e9s d&rsquo;Affaires et de partenariat<\/span><\/div><div class=\"tab-content\"><\/p>\n<p style=\"font-weight: 400;\">Are you a representative of a company, institution or government interested in innovative economic solutions, we would be delighted to discuss how we can help you achieve your goals.<\/p>\n<p style=\"font-weight: 400;\">We are also willing to collaborate with other consulting firms for the execution of development projects<\/p>\n<div class=\"wpcf7 no-js\" id=\"wpcf7-f104-o1\" lang=\"fr-FR\" dir=\"ltr\" data-wpcf7-id=\"104\">\n<div class=\"screen-reader-response\"><p role=\"status\" aria-live=\"polite\" aria-atomic=\"true\"><\/p> <ul><\/ul><\/div>\n<form action=\"\/en\/wp-json\/wp\/v2\/pages\/11#wpcf7-f104-o1\" method=\"post\" class=\"wpcf7-form init\" aria-label=\"Formulaire de contact\" novalidate=\"novalidate\" data-status=\"init\" data-trp-original-action=\"\/en\/wp-json\/wp\/v2\/pages\/11#wpcf7-f104-o1\">\n<fieldset class=\"hidden-fields-container\"><input type=\"hidden\" name=\"_wpcf7\" value=\"104\" \/><input type=\"hidden\" name=\"_wpcf7_version\" value=\"6.1.4\" \/><input type=\"hidden\" name=\"_wpcf7_locale\" value=\"fr_FR\" \/><input type=\"hidden\" name=\"_wpcf7_unit_tag\" value=\"wpcf7-f104-o1\" \/><input type=\"hidden\" name=\"_wpcf7_container_post\" value=\"0\" \/><input type=\"hidden\" name=\"_wpcf7_posted_data_hash\" value=\"\" \/>\n<\/fieldset>\n<p><label> Name<br \/>\n<span class=\"wpcf7-form-control-wrap\" data-name=\"username\"><input size=\"40\" maxlength=\"400\" class=\"wpcf7-form-control wpcf7-text wpcf7-validates-as-required\" autocomplete=\"name\" aria-required=\"true\" aria-invalid=\"false\" value=\"\" type=\"text\" name=\"username\" \/><\/span> <\/label>\n<\/p>\n<p><label> E-mail<br \/>\n<span class=\"wpcf7-form-control-wrap\" data-name=\"email\"><input size=\"40\" maxlength=\"400\" class=\"wpcf7-form-control wpcf7-email wpcf7-validates-as-required wpcf7-text wpcf7-validates-as-email\" autocomplete=\"email\" aria-required=\"true\" aria-invalid=\"false\" value=\"\" type=\"email\" name=\"email\" \/><\/span> <\/label>\n<\/p>\n<p><label> Mobile<br \/>\n<span class=\"wpcf7-form-control-wrap\" data-name=\"mobile\"><input size=\"40\" maxlength=\"400\" class=\"wpcf7-form-control wpcf7-tel wpcf7-validates-as-required wpcf7-text wpcf7-validates-as-tel\" aria-required=\"true\" aria-invalid=\"false\" value=\"\" type=\"tel\" name=\"mobile\" \/><\/span><br \/>\n<\/label>\n<\/p>\n<p><span class=\"wpcf7-form-control-wrap\" data-name=\"reason\"><span class=\"wpcf7-form-control wpcf7-radio\"><span class=\"wpcf7-list-item first\"><label><input type=\"radio\" name=\"reason\" value=\"Opportunit\u00e9s d&#039;affaires\" checked=\"checked\" \/><span class=\"wpcf7-list-item-label\">Business opportunity<\/span><\/label><\/span><span class=\"wpcf7-list-item\"><label><input type=\"radio\" name=\"reason\" value=\"Partenariat\" \/><span class=\"wpcf7-list-item-label\">Partnership<\/span><\/label><\/span><span class=\"wpcf7-list-item last\"><label><input type=\"radio\" name=\"reason\" value=\"Autres\" \/><span class=\"wpcf7-list-item-label\">others<\/span><\/label><\/span><\/span><\/span>\n<\/p>\n<p><label> Message<br \/>\n<span class=\"wpcf7-form-control-wrap\" data-name=\"message\"><textarea cols=\"40\" rows=\"10\" maxlength=\"2000\" class=\"wpcf7-form-control wpcf7-textarea\" aria-invalid=\"false\" name=\"message\"><\/textarea><\/span> <\/label>\n<\/p>\n<p><input class=\"wpcf7-form-control wpcf7-submit has-spinner\" type=\"submit\" value=\"Send\" \/>\n<\/p><div class=\"wpcf7-response-output\" aria-hidden=\"true\"><\/div>\n<input type=\"hidden\" name=\"trp-form-language\" value=\"en\"\/><\/form>\n<\/div>\n<\/div><\/li><li><div class=\"tab-title\"><span>Recruitment<\/span><\/div><div class=\"tab-content\"><\/div><\/li><\/p>\n<p style=\"font-weight: 400;\">Nous sommes toujours \u00e0 la recherche de talents exceptionnels. Que vous soyez un professionnel exp\u00e9riment\u00e9 ou en d\u00e9but de carri\u00e8re, nous croyons en la force de la diversit\u00e9 et de l&rsquo;innovation. Rejoignez-nous pour contribuer \u00e0 fa\u00e7onner un avenir meilleur pour l\u2019Afrique Francophone.<\/p>\n<p>[\/tlg_intro_content]<\/div><\/div><\/div><div class=\"wpb_column vc_column_container vc_col-sm-1\/5\"><div class=\"vc_column-inner\"><div class=\"wpb_wrapper\"><div class=\"grid-blog no-border\"><div class=\"intro-content-box icon-hover boxed-intro blog-boxed overflow-hidden heavy-shadow zoom-hover\">\n\t\t\t\t\t\t\t<div class=\"overflow-hidden relative pb16\">\n                \t\t\t\t<div class=\"intro-image overflow-hidden relative\"><img decoding=\"async\" src=\"https:\/\/development.kanagaconsulting.com\/wp-content\/plugins\/tlg_framework\/assets\/img\/placeholder.png\">\n\t\t\t\t\t\t\t\t<\/div><span class=\"cat-name\"><span class=\"cat-link\"><i class=\"fa fa-tag pr-6\"><\/i>MALI &#8211; BAMAKO<\/span><\/span><\/div>\n\t\t\t\t\t\t\t<div class=\"intro-content\"><div class=\"blog-boxed-content\"><p>Imm. Bald\u00e9, 1er \u00e9tage, Hamdallaye ACI 2000, BP E2235<\/p>\n<div style=\"font-size: 0.7vw;\"><strong>info.ml@kanagaconsulting.com<\/strong><br \/><strong>Tel. +223 20 29 04 94<\/strong><\/div>\n<p>\n<\/div><\/div>\n\t\t\t\t\t\t<\/div><\/div><\/div><\/div><\/div><div class=\"wpb_column vc_column_container vc_col-sm-1\/5\"><div class=\"vc_column-inner\"><div class=\"wpb_wrapper\"><div class=\"grid-blog no-border\"><div class=\"intro-content-box icon-hover boxed-intro blog-boxed overflow-hidden heavy-shadow zoom-hover\">\n\t\t\t\t\t\t\t<div class=\"overflow-hidden relative pb16\">\n                \t\t\t\t<div class=\"intro-image overflow-hidden relative\"><img decoding=\"async\" src=\"https:\/\/development.kanagaconsulting.com\/wp-content\/plugins\/tlg_framework\/assets\/img\/placeholder.png\">\n\t\t\t\t\t\t\t\t<\/div><span class=\"cat-name\"><span class=\"cat-link\"><i class=\"fa fa-tag pr-6\"><\/i>GUINEE &#8211; CONAKRY<\/span><\/span><\/div>\n\t\t\t\t\t\t\t<div class=\"intro-content\"><div class=\"blog-boxed-content\"><p>Imm. City Market 2eme \u00e9tage T2 , Kip\u00e9 Centre \u00c9metteur<\/p>\n<div style=\"font-size: 0.7vw;\"><strong>info.gn@kanagaconsulting.com<\/strong><br \/><strong>Tel. +224 622 26 32 00<\/strong><\/div>\n<p>\n<\/div><\/div>\n\t\t\t\t\t\t<\/div><\/div><\/div><\/div><\/div><div class=\"wpb_column vc_column_container vc_col-sm-1\/5\"><div class=\"vc_column-inner\"><div class=\"wpb_wrapper\"><div class=\"grid-blog no-border\"><div class=\"intro-content-box icon-hover boxed-intro blog-boxed overflow-hidden heavy-shadow zoom-hover\">\n\t\t\t\t\t\t\t<div class=\"overflow-hidden relative pb16\">\n                \t\t\t\t<div class=\"intro-image overflow-hidden relative\"><img decoding=\"async\" src=\"https:\/\/development.kanagaconsulting.com\/wp-content\/plugins\/tlg_framework\/assets\/img\/placeholder.png\">\n\t\t\t\t\t\t\t\t<\/div><span class=\"cat-name\"><span class=\"cat-link\"><i class=\"fa fa-tag pr-6\"><\/i>RDC &#8211; KINSHASA<\/span><\/span><\/div>\n\t\t\t\t\t\t\t<div class=\"intro-content\"><div class=\"blog-boxed-content\"><p>Imm. Itimbiri, 3eme Etage, #1 Blvd. du 30 Juin Gombe<\/p>\n<div style=\"font-size: 0.7vw;\"><strong>info.rdc@kanagaconsulting.com<\/strong><br \/><strong>Tel. +243 810 001850<\/strong><\/div>\n<p>\n<\/div><\/div>\n\t\t\t\t\t\t<\/div><\/div><\/div><\/div><\/div><div class=\"wpb_column vc_column_container vc_col-sm-1\/5\"><div class=\"vc_column-inner\"><div class=\"wpb_wrapper\"><div class=\"grid-blog no-border\"><div class=\"intro-content-box icon-hover boxed-intro blog-boxed overflow-hidden heavy-shadow zoom-hover\">\n\t\t\t\t\t\t\t<div class=\"overflow-hidden relative pb16\">\n                \t\t\t\t<div class=\"intro-image overflow-hidden relative\"><img decoding=\"async\" src=\"https:\/\/development.kanagaconsulting.com\/wp-content\/plugins\/tlg_framework\/assets\/img\/placeholder.png\">\n\t\t\t\t\t\t\t\t<\/div><span class=\"cat-name\"><span class=\"cat-link\"><i class=\"fa fa-tag pr-6\"><\/i>C\u00d4TE D\u2019IVOIRE &#8211; ABIDJAN<\/span><\/span><\/div>\n\t\t\t\t\t\t\t<div class=\"intro-content\"><div class=\"blog-boxed-content\"><p>Imm. Agence Moov, en Face de l\u2019ENA, Les Deux Plateaux Cocody<\/p>\n<div style=\"font-size: 0.8vw;\"><strong>info@kanagaconsulting.com<\/strong><br \/><strong>Tel. +225 2722545757<\/strong><\/div>\n<p><span style=\"color: var( --e-global-color-text ); font-family: var( --e-global-typography-text-font-family ), Sans-serif; font-weight: var( --e-global-typography-text-font-weight ); text-align: var(--text-align);\"><\/p>\n<\/div><\/div>\n\t\t\t\t\t\t<\/div><\/div><\/span><\/div><\/div><\/div><\/div><\/div><\/section>\t\t\t\t\t\t<\/div>\n\t\t\t\t<\/div>\n\t\t\t\t\t<\/div>\n\t\t\t\t<\/div>\n\t\t\t\t\t\t\t<\/div>\n\t\t<\/section>","protected":false},"excerpt":{"rendered":"Opportunit\u00e9s d'Affaires et de partenariat Etes-vous un repr\u00e9sentant d\u2019une entreprise, une institution ou un gouvernement int\u00e9ress\u00e9 par des solutions \u00e9conomiques innovantes, nous serions ravis de discuter de la fa\u00e7on dont nous pouvons vous aider \u00e0 atteindre vos objectifs. Nous sommes \u00e9galement dispos\u00e9s \u00e0 collaborer avec d\u2019autres firmes de conseils pour l'ex\u00e9cution des projets de d\u00e9veloppement...","protected":false},"author":1,"featured_media":523,"parent":0,"menu_order":0,"comment_status":"closed","ping_status":"closed","template":"","meta":{"footnotes":""},"class_list":["post-11","page","type-page","status-publish","has-post-thumbnail","hentry"],"_links":{"self":[{"href":"https:\/\/development.kanagaconsulting.com\/en\/wp-json\/wp\/v2\/pages\/11","targetHints":{"allow":["GET"]}}],"collection":[{"href":"https:\/\/development.kanagaconsulting.com\/en\/wp-json\/wp\/v2\/pages"}],"about":[{"href":"https:\/\/development.kanagaconsulting.com\/en\/wp-json\/wp\/v2\/types\/page"}],"author":[{"embeddable":true,"href":"https:\/\/development.kanagaconsulting.com\/en\/wp-json\/wp\/v2\/users\/1"}],"replies":[{"embeddable":true,"href":"https:\/\/development.kanagaconsulting.com\/en\/wp-json\/wp\/v2\/comments?post=11"}],"version-history":[{"count":36,"href":"https:\/\/development.kanagaconsulting.com\/en\/wp-json\/wp\/v2\/pages\/11\/revisions"}],"predecessor-version":[{"id":625,"href":"https:\/\/development.kanagaconsulting.com\/en\/wp-json\/wp\/v2\/pages\/11\/revisions\/625"}],"wp:featuredmedia":[{"embeddable":true,"href":"https:\/\/development.kanagaconsulting.com\/en\/wp-json\/wp\/v2\/media\/523"}],"wp:attachment":[{"href":"https:\/\/development.kanagaconsulting.com\/en\/wp-json\/wp\/v2\/media?parent=11"}],"curies":[{"name":"wp","href":"https:\/\/api.w.org\/{rel}","templated":true}]}}